{"id":910,"date":"2024-07-19T08:49:02","date_gmt":"2024-07-19T06:49:02","guid":{"rendered":"https:\/\/ajaccio-tinorossi-port.cci.corsica\/?page_id=910"},"modified":"2024-10-21T11:54:48","modified_gmt":"2024-10-21T09:54:48","slug":"accessibilite","status":"publish","type":"page","link":"https:\/\/ajaccio-tinorossi-port.cci.corsica\/en\/accessibilite\/","title":{"rendered":"Accessibility"},"content":{"rendered":"<div data-elementor-type=\"wp-page\" data-elementor-id=\"910\" class=\"elementor elementor-910\" data-elementor-post-type=\"page\">\n\t\t\t\t<div class=\"elementor-element elementor-element-4a60570 e-flex e-con-boxed e-con e-parent\" data-id=\"4a60570\" data-element_type=\"container\" data-settings=\"{&quot;background_background&quot;:&quot;classic&quot;}\">\n\t\t\t\t\t<div class=\"e-con-inner\">\n\t\t\t\t<div class=\"elementor-element elementor-element-fa6e53a elementor-widget elementor-widget-heading\" data-id=\"fa6e53a\" data-element_type=\"widget\" data-widget_type=\"heading.default\">\n\t\t\t\t<div class=\"elementor-widget-container\">\n\t\t\t\t\t<h2 class=\"elementor-heading-title elementor-size-default\">\u00c9tat de conformit\u00e9\n<\/h2>\t\t\t\t<\/div>\n\t\t\t\t<\/div>\n\t\t\t\t<div class=\"elementor-element elementor-element-4598cde elementor-widget elementor-widget-text-editor\" data-id=\"4598cde\" data-element_type=\"widget\" data-widget_type=\"text-editor.default\">\n\t\t\t\t<div class=\"elementor-widget-container\">\n\t\t\t\t\t\t\t\t\t<p>La CCI de Corse s\u2019engage \u00e0 rendre son site internet accessible conform\u00e9ment \u00e0 l\u2019article 47 de la loi n\u00b0 2005-102 du 11 f\u00e9vrier 2005. Cette d\u00e9claration d\u2019accessibilit\u00e9 s\u2019applique au site <a href=\"https:\/\/ajaccio-tinorossi-port.cci.corsica\/en\/\">ajaccio-tinorossi-port.cci.corsica<\/a>. Elle a \u00e9t\u00e9 r\u00e9alis\u00e9e le 27 juillet 2024, sur la base des contenus disponibles \u00e0 cette date.<\/p>\t\t\t\t\t\t\t\t<\/div>\n\t\t\t\t<\/div>\n\t\t\t\t<div class=\"elementor-element elementor-element-22008d3 elementor-widget elementor-widget-heading\" data-id=\"22008d3\" data-element_type=\"widget\" data-widget_type=\"heading.default\">\n\t\t\t\t<div class=\"elementor-widget-container\">\n\t\t\t\t\t<h2 class=\"elementor-heading-title elementor-size-default\">R\u00e9sultats des tests\n<\/h2>\t\t\t\t<\/div>\n\t\t\t\t<\/div>\n\t\t\t\t<div class=\"elementor-element elementor-element-4180fa4 elementor-widget elementor-widget-text-editor\" data-id=\"4180fa4\" data-element_type=\"widget\" data-widget_type=\"text-editor.default\">\n\t\t\t\t<div class=\"elementor-widget-container\">\n\t\t\t\t\t\t\t\t\t<p>L\u2019audit de conformit\u00e9 r\u00e9alis\u00e9 par Corsicaweb r\u00e9v\u00e8le que le site atteint un score de conformit\u00e9 partielle au RGAA :<\/p><ul><li>84% des crit\u00e8res du RGAA version 4 sont respect\u00e9s.<\/li><li>Le taux moyen de conformit\u00e9 des pages du site s\u2019\u00e9l\u00e8ve \u00e0 94%.<\/li><\/ul>\t\t\t\t\t\t\t\t<\/div>\n\t\t\t\t<\/div>\n\t\t\t\t<div class=\"elementor-element elementor-element-8669b5c elementor-widget elementor-widget-heading\" data-id=\"8669b5c\" data-element_type=\"widget\" data-widget_type=\"heading.default\">\n\t\t\t\t<div class=\"elementor-widget-container\">\n\t\t\t\t\t<h3 class=\"elementor-heading-title elementor-size-default\">Contenus non accessibles<\/h3>\t\t\t\t<\/div>\n\t\t\t\t<\/div>\n\t\t\t\t<div class=\"elementor-element elementor-element-f5f7746 elementor-widget elementor-widget-text-editor\" data-id=\"f5f7746\" data-element_type=\"widget\" data-widget_type=\"text-editor.default\">\n\t\t\t\t<div class=\"elementor-widget-container\">\n\t\t\t\t\t\t\t\t\t<ul><li>Crit\u00e8re 3.2 : certains textes ne respectent pas les contrastes de contraste minimum.<\/li><li>Crit\u00e8res 7.1 et 7.3 : Google maps n&rsquo;est que partiellement conforme au RGAA.<\/li><li style=\"font-size: 16px;\">Crit\u00e8re 8.2 : quelques erreurs d&rsquo;\u00e9l\u00e9ments et attributs dues au constructeur de page Elementor.<\/li><li>Crit\u00e8re 8.9 : certaines balises sont utilis\u00e9es \u00e0 des fins de pr\u00e9sentation<\/li><li style=\"font-size: 16px;\"><span style=\"background-color: transparent; color: var( --e-global-color-text ); font-family: var( --e-global-typography-text-font-family ), Sans-serif; text-align: var(--text-align);\">Crit\u00e8re 10.3 : les contenus sont difficilement compr\u00e9hensibles sans les feuilles de style.<\/span><\/li><li>Crit\u00e8re 10.9 : la possibilit\u00e9 de navigation dans les actualit\u00e9s n&rsquo;est donn\u00e9e que par la forme avec les pictogrammes en forme de fl\u00e8che vers la gauche ou vers la droite.<\/li><\/ul>\t\t\t\t\t\t\t\t<\/div>\n\t\t\t\t<\/div>\n\t\t\t\t<div class=\"elementor-element elementor-element-0bb16af elementor-widget elementor-widget-heading\" data-id=\"0bb16af\" data-element_type=\"widget\" data-widget_type=\"heading.default\">\n\t\t\t\t<div class=\"elementor-widget-container\">\n\t\t\t\t\t<h3 class=\"elementor-heading-title elementor-size-default\">D\u00e9rogations<\/h3>\t\t\t\t<\/div>\n\t\t\t\t<\/div>\n\t\t\t\t<div class=\"elementor-element elementor-element-71cf6b1 elementor-widget elementor-widget-text-editor\" data-id=\"71cf6b1\" data-element_type=\"widget\" data-widget_type=\"text-editor.default\">\n\t\t\t\t<div class=\"elementor-widget-container\">\n\t\t\t\t\t\t\t\t\t<ul><li>\u00a0Crit\u00e8re 3.3 : certains composants de type \u00ab\u00a0bouton\u00a0\u00bb ne respectent pas les contrastes de couleur au survol mais le texte sur son arri\u00e8re plan restant lisible, ce point ne g\u00eane ni la compr\u00e9hension, ni la navigation.\u00a0<\/li><\/ul>\t\t\t\t\t\t\t\t<\/div>\n\t\t\t\t<\/div>\n\t\t\t\t<div class=\"elementor-element elementor-element-2a00baa elementor-widget elementor-widget-heading\" data-id=\"2a00baa\" data-element_type=\"widget\" data-widget_type=\"heading.default\">\n\t\t\t\t<div class=\"elementor-widget-container\">\n\t\t\t\t\t<h2 class=\"elementor-heading-title elementor-size-default\">\u00c9tablissement de cette d\u00e9claration d'accessibilit\u00e9\n<\/h2>\t\t\t\t<\/div>\n\t\t\t\t<\/div>\n\t\t\t\t<div class=\"elementor-element elementor-element-e993336 elementor-widget elementor-widget-heading\" data-id=\"e993336\" data-element_type=\"widget\" data-widget_type=\"heading.default\">\n\t\t\t\t<div class=\"elementor-widget-container\">\n\t\t\t\t\t<h3 class=\"elementor-heading-title elementor-size-default\">Technologies utilis\u00e9es pour la r\u00e9alisation du site<\/h3>\t\t\t\t<\/div>\n\t\t\t\t<\/div>\n\t\t\t\t<div class=\"elementor-element elementor-element-b9c04af elementor-widget elementor-widget-text-editor\" data-id=\"b9c04af\" data-element_type=\"widget\" data-widget_type=\"text-editor.default\">\n\t\t\t\t<div class=\"elementor-widget-container\">\n\t\t\t\t\t\t\t\t\t<ul><li>HTML5<\/li><li>CSS<\/li><li>JavaScript<\/li><li>PDF<\/li><li>WordPress<\/li><li>Elementor<\/li><\/ul>\t\t\t\t\t\t\t\t<\/div>\n\t\t\t\t<\/div>\n\t\t\t\t<div class=\"elementor-element elementor-element-369790c elementor-widget elementor-widget-heading\" data-id=\"369790c\" data-element_type=\"widget\" data-widget_type=\"heading.default\">\n\t\t\t\t<div class=\"elementor-widget-container\">\n\t\t\t\t\t<h3 class=\"elementor-heading-title elementor-size-default\">Agents utilisateurs, outils et technologies d'assistance utilis\u00e9s pour v\u00e9rifier l'accessibilit\u00e9 des contenus <\/h3>\t\t\t\t<\/div>\n\t\t\t\t<\/div>\n\t\t\t\t<div class=\"elementor-element elementor-element-680e2bc elementor-widget elementor-widget-text-editor\" data-id=\"680e2bc\" data-element_type=\"widget\" data-widget_type=\"text-editor.default\">\n\t\t\t\t<div class=\"elementor-widget-container\">\n\t\t\t\t\t\t\t\t\t<p>Les v\u00e9rifications de restitution de contenus ont \u00e9t\u00e9 r\u00e9alis\u00e9es avec les configurations suivantes :<\/p><ul><li>Google Chrome<\/li><li>Safari<\/li><li>Apple VoiceOver<\/li><\/ul><p><br \/>Les outils de v\u00e9rification du code suivants ont \u00e9t\u00e9 utilis\u00e9s afin de v\u00e9rifier la conformit\u00e9 aux tests du RGAA :<\/p><ul><li>Extension Assistant RGAA<\/li><li>Colour Contrast Analyser<\/li><li>Headings Maps<\/li><li>Outils pour d\u00e9veloppeurs int\u00e9gr\u00e9s au navigateur Safari<\/li><li>Inspecteur de code<\/li><li>Validateur HTML du W3C<\/li><\/ul>\t\t\t\t\t\t\t\t<\/div>\n\t\t\t\t<\/div>\n\t\t\t\t<div class=\"elementor-element elementor-element-f33e735 elementor-widget elementor-widget-heading\" data-id=\"f33e735\" data-element_type=\"widget\" data-widget_type=\"heading.default\">\n\t\t\t\t<div class=\"elementor-widget-container\">\n\t\t\t\t\t<h3 class=\"elementor-heading-title elementor-size-default\">Pages du site ayant fait l'objet de la v\u00e9rification de conformit\u00e9<\/h3>\t\t\t\t<\/div>\n\t\t\t\t<\/div>\n\t\t\t\t<div class=\"elementor-element elementor-element-be89c64 elementor-widget elementor-widget-text-editor\" data-id=\"be89c64\" data-element_type=\"widget\" data-widget_type=\"text-editor.default\">\n\t\t\t\t<div class=\"elementor-widget-container\">\n\t\t\t\t\t\t\t\t\t<ul><li><a href=\"https:\/\/ajaccio-tinorossi-port.cci.corsica\/en\/\">Home<\/a><\/li><li><a href=\"https:\/\/www.cci.corsica\/contact-cci\/\">Harbour master's office<\/a><\/li><li><a href=\"https:\/\/ajaccio-tinorossi-port.cci.corsica\/en\/accessibilite\/\">D\u00e9claration d&rsquo;accessibilit\u00e9<\/a><\/li><li><a href=\"https:\/\/ajaccio-tinorossi-port.cci.corsica\/en\/legal-information\/\">Legal information<\/a><\/li><li><a href=\"https:\/\/ajaccio-tinorossi-port.cci.corsica\/en\/?s=port\">R\u00e9sultats de recherche pour \u00ab\u00a0port\u00a0\u00bb<\/a><\/li><li><a href=\"https:\/\/ajaccio-tinorossi-port.cci.corsica\/en\/actualites\/\">News<\/a><\/li><li><a href=\"https:\/\/ajaccio-tinorossi-port.cci.corsica\/en\/environnement\/\">Environmental commitments<\/a><\/li><li><a href=\"https:\/\/ajaccio-tinorossi-port.cci.corsica\/en\/access-and-parking\/\">Access and parking<\/a><\/li><li><a href=\"https:\/\/ajaccio-tinorossi-port.cci.corsica\/en\/ajaccio-cite-imperiale\/\">Ajaccio cit\u00e9 imp\u00e9riale<\/a><\/li><\/ul>\t\t\t\t\t\t\t\t<\/div>\n\t\t\t\t<\/div>\n\t\t\t\t<div class=\"elementor-element elementor-element-6bad664 elementor-widget elementor-widget-heading\" data-id=\"6bad664\" data-element_type=\"widget\" data-widget_type=\"heading.default\">\n\t\t\t\t<div class=\"elementor-widget-container\">\n\t\t\t\t\t<h2 class=\"elementor-heading-title elementor-size-default\">Retour d'informations et contact<\/h2>\t\t\t\t<\/div>\n\t\t\t\t<\/div>\n\t\t\t\t<div class=\"elementor-element elementor-element-661de36 elementor-widget elementor-widget-text-editor\" data-id=\"661de36\" data-element_type=\"widget\" data-widget_type=\"text-editor.default\">\n\t\t\t\t<div class=\"elementor-widget-container\">\n\t\t\t\t\t\t\t\t\t<p>Si vous n\u2019arrivez pas \u00e0 acc\u00e9der \u00e0 un contenu ou \u00e0 un service, vous pouvez contacter le responsable du site internet pour \u00eatre orient\u00e9 vers une alternative accessible ou obtenir le contenu sous une autre forme.<\/p><p>Pour nous contacter, vous pouvez nous appeler au 04 95 54 44 44 ou nous \u00e9crire\u00a0via la <a href=\"https:\/\/ajaccio-tinorossi-port.cci.corsica\/en\/capitainerie\/\"><span style=\"text-decoration: underline;\">page contact<\/span>.<\/a><\/p>\t\t\t\t\t\t\t\t<\/div>\n\t\t\t\t<\/div>\n\t\t\t\t<div class=\"elementor-element elementor-element-9edd992 elementor-widget elementor-widget-heading\" data-id=\"9edd992\" data-element_type=\"widget\" data-widget_type=\"heading.default\">\n\t\t\t\t<div class=\"elementor-widget-container\">\n\t\t\t\t\t<h2 class=\"elementor-heading-title elementor-size-default\">Voies de recours\n<\/h2>\t\t\t\t<\/div>\n\t\t\t\t<\/div>\n\t\t\t\t<div class=\"elementor-element elementor-element-18d347c elementor-widget elementor-widget-text-editor\" data-id=\"18d347c\" data-element_type=\"widget\" data-widget_type=\"text-editor.default\">\n\t\t\t\t<div class=\"elementor-widget-container\">\n\t\t\t\t\t\t\t\t\tSi vous constatez un d\u00e9faut d\u2019accessibilit\u00e9 vous emp\u00eachant d\u2019acc\u00e9der \u00e0 un contenu ou une fonctionnalit\u00e9 du site, que vous nous le signalez et que vous ne parvenez pas \u00e0 obtenir une r\u00e9ponse de notre part, vous \u00eates en droit de faire parvenir vos dol\u00e9ances ou une demande de saisine au D\u00e9fenseur des droits.\n\nPlusieurs moyens sont \u00e0 votre disposition\u00a0:\n<ul>\n \t<li>\u00c9crire un message au <a href=\"https:\/\/formulaire.defenseurdesdroits.fr\/\" target=\"_blank\" rel=\"noopener\">D\u00e9fenseur des droits<\/a><\/li>\n \t<li>Contacter le <a href=\"https:\/\/www.defenseurdesdroits.fr\/saisir\/delegues\" target=\"_blank\" rel=\"noopener\">d\u00e9l\u00e9gu\u00e9 du D\u00e9fenseur des droits<\/a> dans votre r\u00e9gion<\/li>\n \t<li>Envoyer un courrier par la poste (gratuit, ne pas mettre de timbre) <br>D\u00e9fenseur des droits <br>Libre r\u00e9ponse 71120 <br>75342 Paris CEDEX 07<\/li>\n<\/ul>\t\t\t\t\t\t\t\t<\/div>\n\t\t\t\t<\/div>\n\t\t\t\t\t<\/div>\n\t\t\t\t<\/div>\n\t\t\t\t<\/div>","protected":false},"excerpt":{"rendered":"<p>\u00c9tat de conformit\u00e9 La CCI de Corse s\u2019engage \u00e0 rendre son site internet accessible conform\u00e9ment \u00e0 l\u2019article 47 de la loi n\u00b0 2005-102 du 11 f\u00e9vrier 2005. Cette d\u00e9claration d\u2019accessibilit\u00e9 s\u2019applique au site ajaccio-tinorossi-port.cci.corsica. Elle a \u00e9t\u00e9 r\u00e9alis\u00e9e le 27 juillet 2024, sur la base des contenus disponibles \u00e0 cette date. R\u00e9sultats des tests L\u2019audit [&hellip;]<\/p>\n","protected":false},"author":1,"featured_media":0,"parent":0,"menu_order":0,"comment_status":"closed","ping_status":"closed","template":"","meta":{"_acf_changed":false,"_seopress_robots_primary_cat":"","_seopress_titles_title":"","_seopress_titles_desc":"","_seopress_robots_index":"","footnotes":""},"type-de-page":[5],"class_list":{"0":"post-910","1":"page","2":"type-page","3":"status-publish","5":"type-de-page-page-sans-image"},"acf":[],"_links":{"self":[{"href":"https:\/\/ajaccio-tinorossi-port.cci.corsica\/en\/wp-json\/wp\/v2\/pages\/910","targetHints":{"allow":["GET"]}}],"collection":[{"href":"https:\/\/ajaccio-tinorossi-port.cci.corsica\/en\/wp-json\/wp\/v2\/pages"}],"about":[{"href":"https:\/\/ajaccio-tinorossi-port.cci.corsica\/en\/wp-json\/wp\/v2\/types\/page"}],"author":[{"embeddable":true,"href":"https:\/\/ajaccio-tinorossi-port.cci.corsica\/en\/wp-json\/wp\/v2\/users\/1"}],"replies":[{"embeddable":true,"href":"https:\/\/ajaccio-tinorossi-port.cci.corsica\/en\/wp-json\/wp\/v2\/comments?post=910"}],"version-history":[{"count":31,"href":"https:\/\/ajaccio-tinorossi-port.cci.corsica\/en\/wp-json\/wp\/v2\/pages\/910\/revisions"}],"predecessor-version":[{"id":1043,"href":"https:\/\/ajaccio-tinorossi-port.cci.corsica\/en\/wp-json\/wp\/v2\/pages\/910\/revisions\/1043"}],"wp:attachment":[{"href":"https:\/\/ajaccio-tinorossi-port.cci.corsica\/en\/wp-json\/wp\/v2\/media?parent=910"}],"wp:term":[{"taxonomy":"type-de-page","embeddable":true,"href":"https:\/\/ajaccio-tinorossi-port.cci.corsica\/en\/wp-json\/wp\/v2\/type-de-page?post=910"}],"curies":[{"name":"wp","href":"https:\/\/api.w.org\/{rel}","templated":true}]}}